{"id":1529,"date":"2025-06-23T07:18:54","date_gmt":"2025-06-23T07:18:54","guid":{"rendered":"https:\/\/viavinum.ro\/?page_id=1529"},"modified":"2025-11-24T07:45:26","modified_gmt":"2025-11-24T07:45:26","slug":"vizitatori","status":"publish","type":"page","link":"https:\/\/viavinum.ro\/en\/vizitatori\/","title":{"rendered":"Info visitors"},"content":{"rendered":"<div class=\"wpb-content-wrapper\"><div class=\"vc_row wpb_row vc_row-fluid vc_custom_1561964015799 vc_row-o-equal-height vc_row-o-content-middle vc_row-flex\"><div class=\"wpb_column vc_column_container vc_col-sm-6\"><div class=\"vc_column-inner vc_custom_1561963982378\"><div class=\"wpb_wrapper\"><div id=\"ultimate-heading-27046a0965c3f3356\" class=\"uvc-heading ult-adjust-bottom-margin ultimate-heading-27046a0965c3f3356 uvc-227  uvc-heading-default-font-sizes\" data-hspacer=\"no_spacer\"  data-halign=\"left\" style=\"text-align:left\"><div class=\"uvc-heading-spacer no_spacer\" style=\"top\"><\/div><div class=\"uvc-sub-heading ult-responsive\"  data-ultimate-target='.uvc-heading.ultimate-heading-27046a0965c3f3356 .uvc-sub-heading '  data-responsive-json-new='{\"font-size\":\"\",\"line-height\":\"\"}'  style=\"font-weight:normal;\"><\/p>\n<p style=\"text-align: justify;\" class=\"translation-block\">Discover <strong>VIA VINUM<\/strong> \u2013 the most refined wine experience, where tradition meets innovation in a multisensory event. Between March 19 and 22, 2026, at ROMEXPO, we invite you on a journey through the terroirs of the world: rare wine tastings, fine gastronomic pairings, visual art, live music and discussions with industry professionals. Whether you are a passionate connoisseur or a curious person looking for new experiences, VIA VINUM will activate all your senses.<\/p>\n<p style=\"text-align: justify;\">In an elegant and contemporary setting, you will be able to explore the Wine Walk, Food &amp; Wine Lab, The Blind Tasting Challenge, Wine &amp; Art Fusion and many other special moments. Complete your visit with quality educational and networking sessions \u2014 an ideal event to connect with the world of wine and discover the stories behind each bottle.<\/p>\n<p><\/div><\/div><\/div><\/div><\/div><div class=\"wpb_column vc_column_container vc_col-sm-6\"><div class=\"vc_column-inner\"><div class=\"wpb_wrapper\">\n\t<div  class=\"wpb_single_image wpb_content_element vc_align_left  vc_custom_1750662945145\">\n\t\t\n\t\t<figure class=\"wpb_wrapper vc_figure\">\n\t\t\t<div class=\"vc_single_image-wrapper   vc_box_border_grey\"><img loading=\"lazy\" decoding=\"async\" width=\"1632\" height=\"1089\" src=\"https:\/\/viavinum.ro\/wp-content\/uploads\/2025\/06\/Via-Vinum3.jpg\" class=\"vc_single_image-img attachment-full\" alt=\"\" title=\"Via Vinum3\" srcset=\"https:\/\/viavinum.ro\/wp-content\/uploads\/2025\/06\/Via-Vinum3.jpg 1632w, https:\/\/viavinum.ro\/wp-content\/uploads\/2025\/06\/Via-Vinum3-300x200.jpg 300w, https:\/\/viavinum.ro\/wp-content\/uploads\/2025\/06\/Via-Vinum3-1024x683.jpg 1024w, https:\/\/viavinum.ro\/wp-content\/uploads\/2025\/06\/Via-Vinum3-768x512.jpg 768w, https:\/\/viavinum.ro\/wp-content\/uploads\/2025\/06\/Via-Vinum3-1536x1025.jpg 1536w\" sizes=\"auto, (max-width: 1632px) 100vw, 1632px\"  data-dt-location=\"https:\/\/viavinum.ro\/en\/vizitatori\/via-vinum3\/\" \/><\/div>\n\t\t<\/figure>\n\t<\/div>\n<\/div><\/div><\/div><\/div><div class=\"vc_row wpb_row vc_row-fluid vc_custom_1561964153013 vc_row-o-equal-height vc_row-o-content-middle vc_row-flex\"><div class=\"wpb_column vc_column_container vc_col-sm-6\"><div class=\"vc_column-inner\"><div class=\"wpb_wrapper\">\n\t<div  class=\"wpb_single_image wpb_content_element vc_align_left  vc_custom_1750664348069\">\n\t\t\n\t\t<figure class=\"wpb_wrapper vc_figure\">\n\t\t\t<div class=\"vc_single_image-wrapper   vc_box_border_grey\"><img loading=\"lazy\" decoding=\"async\" width=\"1900\" height=\"1200\" src=\"https:\/\/viavinum.ro\/wp-content\/uploads\/2025\/06\/Via-Vinum4.jpg\" class=\"vc_single_image-img attachment-full\" alt=\"\" title=\"Via Vinum4\" srcset=\"https:\/\/viavinum.ro\/wp-content\/uploads\/2025\/06\/Via-Vinum4.jpg 1900w, https:\/\/viavinum.ro\/wp-content\/uploads\/2025\/06\/Via-Vinum4-300x189.jpg 300w, https:\/\/viavinum.ro\/wp-content\/uploads\/2025\/06\/Via-Vinum4-1024x647.jpg 1024w, https:\/\/viavinum.ro\/wp-content\/uploads\/2025\/06\/Via-Vinum4-768x485.jpg 768w, https:\/\/viavinum.ro\/wp-content\/uploads\/2025\/06\/Via-Vinum4-1536x970.jpg 1536w\" sizes=\"auto, (max-width: 1900px) 100vw, 1900px\"  data-dt-location=\"https:\/\/viavinum.ro\/en\/vizitatori\/via-vinum4\/\" \/><\/div>\n\t\t<\/figure>\n\t<\/div>\n<\/div><\/div><\/div><div class=\"wpb_column vc_column_container vc_col-sm-6\"><div class=\"vc_column-inner vc_custom_1562003166274\"><div class=\"wpb_wrapper\"><div id=\"ultimate-heading-16486a0965c400420\" class=\"uvc-heading ult-adjust-bottom-margin ultimate-heading-16486a0965c400420 uvc-2744  uvc-heading-default-font-sizes\" data-hspacer=\"no_spacer\"  data-halign=\"left\" style=\"text-align:left\"><div class=\"uvc-heading-spacer no_spacer\" style=\"top\"><\/div><div class=\"uvc-sub-heading ult-responsive translation-block\"  data-ultimate-target='.uvc-heading.ultimate-heading-16486a0965c400420 .uvc-sub-heading '  data-responsive-json-new='{\"font-size\":\"\",\"line-height\":\"\"}'  style=\"font-weight:normal;\">March 19 \u2013 21, 2026 (Thursday \u2013 Saturday), time interval 12:00 \u2013 20:00<br>\nMarch 22, 2026 (Sunday), time interval 12:00 \u2013 18:00<br>\nPedestrian access: Gates A and B<br>\nCar access: Parking B and C<br>\nParking fee: 5 lei\/hour<br>\nB1 Hall<\/div><\/div><\/div><\/div><\/div><\/div>\n<\/div>","protected":false},"excerpt":{"rendered":"<p>Descoper\u0103 VIA VINUM \u2013 cea mai rafinat\u0103 experien\u021b\u0103 dedicat\u0103 vinului, unde tradi\u021bia se \u00eent\u00e2lne\u0219te cu inova\u021bia \u00eentr-un eveniment multisenzorial. \u00centre 19 \u0219i 22 martie 2026, la ROMEXPO, te invit\u0103m \u00eentr-o c\u0103l\u0103torie prin terroir-urile lumii: degust\u0103ri de vinuri rare, pairinguri gastronomice fine, art\u0103 vizual\u0103, muzic\u0103 live \u0219i discu\u021bii cu profesioni\u0219ti ai industriei. Fie c\u0103 e\u0219ti un&hellip;<\/p>","protected":false},"author":1,"featured_media":0,"parent":0,"menu_order":0,"comment_status":"closed","ping_status":"closed","template":"","meta":{"_monsterinsights_skip_tracking":false,"_monsterinsights_sitenote_active":false,"_monsterinsights_sitenote_note":"","_monsterinsights_sitenote_category":0,"_uf_show_specific_survey":0,"_uf_disable_surveys":false,"footnotes":""},"class_list":["post-1529","page","type-page","status-publish","hentry","description-off"],"aioseo_notices":[],"jetpack_sharing_enabled":true,"_links":{"self":[{"href":"https:\/\/viavinum.ro\/en\/wp-json\/wp\/v2\/pages\/1529","targetHints":{"allow":["GET"]}}],"collection":[{"href":"https:\/\/viavinum.ro\/en\/wp-json\/wp\/v2\/pages"}],"about":[{"href":"https:\/\/viavinum.ro\/en\/wp-json\/wp\/v2\/types\/page"}],"author":[{"embeddable":true,"href":"https:\/\/viavinum.ro\/en\/wp-json\/wp\/v2\/users\/1"}],"replies":[{"embeddable":true,"href":"https:\/\/viavinum.ro\/en\/wp-json\/wp\/v2\/comments?post=1529"}],"version-history":[{"count":4,"href":"https:\/\/viavinum.ro\/en\/wp-json\/wp\/v2\/pages\/1529\/revisions"}],"predecessor-version":[{"id":1601,"href":"https:\/\/viavinum.ro\/en\/wp-json\/wp\/v2\/pages\/1529\/revisions\/1601"}],"wp:attachment":[{"href":"https:\/\/viavinum.ro\/en\/wp-json\/wp\/v2\/media?parent=1529"}],"curies":[{"name":"wp","href":"https:\/\/api.w.org\/{rel}","templated":true}]}}