{"id":1444,"date":"2025-06-19T10:22:45","date_gmt":"2025-06-19T10:22:45","guid":{"rendered":"https:\/\/viavinum.ro\/?page_id=1444"},"modified":"2025-11-24T07:44:12","modified_gmt":"2025-11-24T07:44:12","slug":"info-expozanti","status":"publish","type":"page","link":"https:\/\/viavinum.ro\/en\/info-expozanti\/","title":{"rendered":"Exhibitor info"},"content":{"rendered":"<div class=\"wpb-content-wrapper\"><div class=\"vc_row wpb_row vc_row-fluid vc_custom_1561964015799 vc_row-o-equal-height vc_row-o-content-middle vc_row-flex\"><div class=\"wpb_column vc_column_container vc_col-sm-6\"><div class=\"vc_column-inner vc_custom_1561963982378\"><div class=\"wpb_wrapper\"><div id=\"ultimate-heading-72226a0965a8617ee\" class=\"uvc-heading ult-adjust-bottom-margin ultimate-heading-72226a0965a8617ee uvc-2683  uvc-heading-default-font-sizes\" data-hspacer=\"no_spacer\"  data-halign=\"left\" style=\"text-align:left\"><div class=\"uvc-heading-spacer no_spacer\" style=\"top\"><\/div><div class=\"uvc-sub-heading ult-responsive\"  data-ultimate-target='.uvc-heading.ultimate-heading-72226a0965a8617ee .uvc-sub-heading '  data-responsive-json-new='{\"font-size\":\"\",\"line-height\":\"\"}'  style=\"font-weight:normal;\"><\/p>\n<p style=\"text-align: justify;\">VIA VINUM is a multisensory experience that celebrates wine as an art form, investment and social ritual, bringing together tradition and innovation in a unique concept. Here, wine finds its echo in music, painting, specialized literature and fine gastronomy, providing a refined context for exploration and inspiration.<\/p>\n<p style=\"text-align: justify;\">The event is designed as a true journey through the world's most remarkable terroirs, bringing together industry professionals and wine enthusiasts in a space dedicated to discovery, connection and excellence. Carefully selected tastings are complemented by artisanal cheeses and charcuterie, visual art and cultural dialogues that enrich the experience of each participant.<\/p>\n<p style=\"text-align: justify;\">We are preparing a contemporary design, inspired by the elegance of vineyards, an intimate atmosphere, with ambient music, scenographic lighting and chic relaxation areas, designed to create an ideal setting for conversations, networking and savoring the moment.<\/p>\n<p><\/div><\/div><\/div><\/div><\/div><div class=\"wpb_column vc_column_container vc_col-sm-6\"><div class=\"vc_column-inner\"><div class=\"wpb_wrapper\">\n\t<div  class=\"wpb_single_image wpb_content_element vc_align_left  vc_custom_1750329308107\">\n\t\t\n\t\t<figure class=\"wpb_wrapper vc_figure\">\n\t\t\t<div class=\"vc_single_image-wrapper   vc_box_border_grey\"><img loading=\"lazy\" decoding=\"async\" width=\"2072\" height=\"1381\" src=\"https:\/\/viavinum.ro\/wp-content\/uploads\/2025\/06\/VIA-VINUM-2025.jpg\" class=\"vc_single_image-img attachment-full\" alt=\"\" title=\"VIA VINUM 2025\" srcset=\"https:\/\/viavinum.ro\/wp-content\/uploads\/2025\/06\/VIA-VINUM-2025.jpg 2072w, https:\/\/viavinum.ro\/wp-content\/uploads\/2025\/06\/VIA-VINUM-2025-300x200.jpg 300w, https:\/\/viavinum.ro\/wp-content\/uploads\/2025\/06\/VIA-VINUM-2025-1024x683.jpg 1024w, https:\/\/viavinum.ro\/wp-content\/uploads\/2025\/06\/VIA-VINUM-2025-768x512.jpg 768w, https:\/\/viavinum.ro\/wp-content\/uploads\/2025\/06\/VIA-VINUM-2025-1536x1024.jpg 1536w, https:\/\/viavinum.ro\/wp-content\/uploads\/2025\/06\/VIA-VINUM-2025-2048x1365.jpg 2048w\" sizes=\"auto, (max-width: 2072px) 100vw, 2072px\"  data-dt-location=\"https:\/\/viavinum.ro\/en\/info-expozanti\/via-vinum-2025\/\" \/><\/div>\n\t\t<\/figure>\n\t<\/div>\n<\/div><\/div><\/div><\/div><div class=\"vc_row wpb_row vc_row-fluid vc_custom_1561964153013 vc_row-o-equal-height vc_row-o-content-middle vc_row-flex\"><div class=\"wpb_column vc_column_container vc_col-sm-6\"><div class=\"vc_column-inner\"><div class=\"wpb_wrapper\">\n\t<div  class=\"wpb_single_image wpb_content_element vc_align_left  vc_custom_1750329682676\">\n\t\t\n\t\t<figure class=\"wpb_wrapper vc_figure\">\n\t\t\t<div class=\"vc_single_image-wrapper   vc_box_border_grey\"><img loading=\"lazy\" decoding=\"async\" width=\"1642\" height=\"1095\" src=\"https:\/\/viavinum.ro\/wp-content\/uploads\/2025\/06\/VIA-VINUM_2025.jpg\" class=\"vc_single_image-img attachment-full\" alt=\"\" title=\"VIA VINUM_2025\" srcset=\"https:\/\/viavinum.ro\/wp-content\/uploads\/2025\/06\/VIA-VINUM_2025.jpg 1642w, https:\/\/viavinum.ro\/wp-content\/uploads\/2025\/06\/VIA-VINUM_2025-300x200.jpg 300w, https:\/\/viavinum.ro\/wp-content\/uploads\/2025\/06\/VIA-VINUM_2025-1024x683.jpg 1024w, https:\/\/viavinum.ro\/wp-content\/uploads\/2025\/06\/VIA-VINUM_2025-768x512.jpg 768w, https:\/\/viavinum.ro\/wp-content\/uploads\/2025\/06\/VIA-VINUM_2025-1536x1024.jpg 1536w\" sizes=\"auto, (max-width: 1642px) 100vw, 1642px\"  data-dt-location=\"https:\/\/viavinum.ro\/en\/info-expozanti\/via-vinum_2025\/\" \/><\/div>\n\t\t<\/figure>\n\t<\/div>\n<\/div><\/div><\/div><div class=\"wpb_column vc_column_container vc_col-sm-6\"><div class=\"vc_column-inner vc_custom_1562003166274\"><div class=\"wpb_wrapper\"><div id=\"ultimate-heading-99426a0965a862d1b\" class=\"uvc-heading ult-adjust-bottom-margin ultimate-heading-99426a0965a862d1b uvc-7321  uvc-heading-default-font-sizes\" data-hspacer=\"no_spacer\"  data-halign=\"left\" style=\"text-align:left\"><div class=\"uvc-heading-spacer no_spacer\" style=\"top\"><\/div><div class=\"uvc-sub-heading ult-responsive\"  data-ultimate-target='.uvc-heading.ultimate-heading-99426a0965a862d1b .uvc-sub-heading '  data-responsive-json-new='{\"font-size\":\"\",\"line-height\":\"\"}'  style=\"font-weight:normal;\"><\/p>\n<div id=\"ultimate-heading-79936851565b7f54e\" class=\"uvc-heading ult-adjust-bottom-margin ultimate-heading-79936851565b7f54e uvc-2211 color-title accent-title-color\" data-hspacer=\"no_spacer\" data-halign=\"left\">\n<div class=\"uvc-main-heading ult-responsive\" data-ultimate-target=\".uvc-heading.ultimate-heading-79936851565b7f54e h2\" data-responsive-json-new=\"{&quot;font-size&quot;:&quot;desktop:15px;&quot;,&quot;line-height&quot;:&quot;desktop:26px;&quot;}\">\n<h2>Arrangement period:<\/h2>\n<\/div>\n<\/div>\n<div class=\"standard-arrow bullet-top\">\n<ul>\n<li>For companies that build their own stands or with a third party: 16 \u2013 18.03.2026, time interval 08:00 \u2013 20:00<\/li>\n<li>For companies building stands with Romexpo: 17 \u2013 18.03.2026, time interval 08:00 \u2013 20:00<\/li>\n<\/ul>\n<\/div>\n<div id=\"ultimate-heading-23216851565b7f5ef\" class=\"uvc-heading ult-adjust-bottom-margin ultimate-heading-23216851565b7f5ef uvc-5809 color-title accent-title-color\" data-hspacer=\"no_spacer\" data-halign=\"left\">\n<div class=\"uvc-main-heading ult-responsive\" data-ultimate-target=\".uvc-heading.ultimate-heading-23216851565b7f5ef h2\" data-responsive-json-new=\"{&quot;font-size&quot;:&quot;desktop:15px;&quot;,&quot;line-height&quot;:&quot;desktop:26px;&quot;}\">\n<h2>Dismantling period:<\/h2>\n<\/div>\n<\/div>\n<div class=\"standard-arrow bullet-top\">\n<ul>\n<li>22.03.2026, time interval 18:00 \u2013 20:00 (access Bulevardul Poligrafiei, 2, E-Romexpo Gate, Pavilion B1)<\/li>\n<li>23-24.03.2026, time interval 08:00 \u2013 20:00 (access Bulevardul Poligrafiei, 2, E-Romexpo Gate, Pavilion B1)<\/li>\n<\/ul>\n<\/div>\n<p><\/div><\/div><\/div><\/div><\/div><\/div>\n<\/div>","protected":false},"excerpt":{"rendered":"<p>VIA VINUM este o experien\u021b\u0103 multisenzorial\u0103 care celebreaz\u0103 vinul ca form\u0103 de art\u0103, investi\u021bie \u0219i ritual social, reunind tradi\u021bia \u0219i inova\u021bia \u00eentr-un concept unic. Aici, vinul \u00ee\u0219i g\u0103se\u0219te ecoul \u00een muzic\u0103, pictur\u0103, literatur\u0103 de specialitate \u0219i gastronomie fin\u0103, oferind un context rafinat pentru explorare \u0219i inspira\u021bie. Evenimentul este conceput ca o veritabil\u0103 c\u0103l\u0103torie printre cele&hellip;<\/p>","protected":false},"author":1,"featured_media":0,"parent":0,"menu_order":0,"comment_status":"closed","ping_status":"closed","template":"","meta":{"_monsterinsights_skip_tracking":false,"_monsterinsights_sitenote_active":false,"_monsterinsights_sitenote_note":"","_monsterinsights_sitenote_category":0,"_uf_show_specific_survey":0,"_uf_disable_surveys":false,"footnotes":""},"class_list":["post-1444","page","type-page","status-publish","hentry","description-off"],"aioseo_notices":[],"jetpack_sharing_enabled":true,"_links":{"self":[{"href":"https:\/\/viavinum.ro\/en\/wp-json\/wp\/v2\/pages\/1444","targetHints":{"allow":["GET"]}}],"collection":[{"href":"https:\/\/viavinum.ro\/en\/wp-json\/wp\/v2\/pages"}],"about":[{"href":"https:\/\/viavinum.ro\/en\/wp-json\/wp\/v2\/types\/page"}],"author":[{"embeddable":true,"href":"https:\/\/viavinum.ro\/en\/wp-json\/wp\/v2\/users\/1"}],"replies":[{"embeddable":true,"href":"https:\/\/viavinum.ro\/en\/wp-json\/wp\/v2\/comments?post=1444"}],"version-history":[{"count":14,"href":"https:\/\/viavinum.ro\/en\/wp-json\/wp\/v2\/pages\/1444\/revisions"}],"predecessor-version":[{"id":1600,"href":"https:\/\/viavinum.ro\/en\/wp-json\/wp\/v2\/pages\/1444\/revisions\/1600"}],"wp:attachment":[{"href":"https:\/\/viavinum.ro\/en\/wp-json\/wp\/v2\/media?parent=1444"}],"curies":[{"name":"wp","href":"https:\/\/api.w.org\/{rel}","templated":true}]}}